{"id":14,"date":"2020-10-13T14:18:40","date_gmt":"2020-10-13T14:18:40","guid":{"rendered":"https:\/\/knoptrading.se\/wordpress\/?page_id=14"},"modified":"2023-03-08T07:22:15","modified_gmt":"2023-03-08T07:22:15","slug":"hem","status":"publish","type":"page","link":"https:\/\/knoptrading.se\/","title":{"rendered":"KNOP Trading har l\u00e5ng erfarenhet av f\u00f6rs\u00e4ljning inom entreprenadbranschen"},"content":{"rendered":"\n<div class=\"wp-block-columns are-vertically-aligned-top is-layout-flex wp-container-core-columns-is-layout-9d6595d7 wp-block-columns-is-layout-flex\">\n<div class=\"wp-block-column is-vertically-aligned-top is-layout-flow wp-block-column-is-layout-flow\" style=\"flex-basis:33.33%\"><\/div>\n\n\n\n<div class=\"wp-block-column is-vertically-aligned-top is-layout-flow wp-block-column-is-layout-flow\" style=\"flex-basis:66.66%\"><\/div>\n<\/div>\n\n\n\n<div class=\"wp-block-columns is-layout-flex wp-container-core-columns-is-layout-9d6595d7 wp-block-columns-is-layout-flex\">\n<div class=\"wp-block-column is-layout-flow wp-block-column-is-layout-flow\" style=\"flex-basis:66.66%\"><div id=\"metaslider-id-131\" style=\"width: 100%;\" class=\"ml-slider-3-107-0 metaslider metaslider-flex metaslider-131 ml-slider ms-theme-default nav-hidden\" role=\"region\" aria-label=\"Nytt bildspel\" data-height=\"400\" data-width=\"690\">\n    <div id=\"metaslider_container_131\">\n        <div id=\"metaslider_131\">\n            <ul class='slides'>\n                <li style=\"display: block; width: 100%;\" class=\"slide-139 ms-image \" aria-roledescription=\"slide\" data-date=\"2020-10-16 13:28:08\" data-filename=\"07-690x400.png\" data-slide-type=\"image\"><img loading=\"lazy\" decoding=\"async\" src=\"https:\/\/knoptrading.se\/wp-content\/uploads\/2020\/10\/07-690x400.png\" height=\"400\" width=\"690\" alt=\"\" class=\"slider-131 slide-139 msDefaultImage\" title=\"07\" \/><\/li>\n                <li style=\"display: none; width: 100%;\" class=\"slide-140 ms-image \" aria-roledescription=\"slide\" data-date=\"2020-10-16 13:28:11\" data-filename=\"06-690x400.png\" data-slide-type=\"image\"><img loading=\"lazy\" decoding=\"async\" src=\"https:\/\/knoptrading.se\/wp-content\/uploads\/2020\/10\/06-690x400.png\" height=\"400\" width=\"690\" alt=\"\" class=\"slider-131 slide-140 msDefaultImage\" title=\"06\" \/><\/li>\n                <li style=\"display: none; width: 100%;\" class=\"slide-141 ms-image \" aria-roledescription=\"slide\" data-date=\"2020-10-16 13:28:13\" data-filename=\"05-690x400.png\" data-slide-type=\"image\"><img loading=\"lazy\" decoding=\"async\" src=\"https:\/\/knoptrading.se\/wp-content\/uploads\/2020\/10\/05-690x400.png\" height=\"400\" width=\"690\" alt=\"\" class=\"slider-131 slide-141 msDefaultImage\" title=\"05\" \/><\/li>\n                <li style=\"display: none; width: 100%;\" class=\"slide-142 ms-image \" aria-roledescription=\"slide\" data-date=\"2020-10-16 13:28:15\" data-filename=\"04-690x400.png\" data-slide-type=\"image\"><img loading=\"lazy\" decoding=\"async\" src=\"https:\/\/knoptrading.se\/wp-content\/uploads\/2020\/10\/04-690x400.png\" height=\"400\" width=\"690\" alt=\"\" class=\"slider-131 slide-142 msDefaultImage\" title=\"04\" \/><\/li>\n                <li style=\"display: none; width: 100%;\" class=\"slide-143 ms-image \" aria-roledescription=\"slide\" data-date=\"2020-10-16 13:28:18\" data-filename=\"03-690x400.png\" data-slide-type=\"image\"><img loading=\"lazy\" decoding=\"async\" src=\"https:\/\/knoptrading.se\/wp-content\/uploads\/2020\/10\/03-690x400.png\" height=\"400\" width=\"690\" alt=\"\" class=\"slider-131 slide-143 msDefaultImage\" title=\"03\" \/><\/li>\n                <li style=\"display: none; width: 100%;\" class=\"slide-144 ms-image \" aria-roledescription=\"slide\" data-date=\"2020-10-16 13:28:19\" data-filename=\"02-690x400.png\" data-slide-type=\"image\"><img loading=\"lazy\" decoding=\"async\" src=\"https:\/\/knoptrading.se\/wp-content\/uploads\/2020\/10\/02-690x400.png\" height=\"400\" width=\"690\" alt=\"\" class=\"slider-131 slide-144 msDefaultImage\" title=\"02\" \/><\/li>\n                <li style=\"display: none; width: 100%;\" class=\"slide-145 ms-image \" aria-roledescription=\"slide\" data-date=\"2020-10-16 13:28:21\" data-filename=\"01-690x400.png\" data-slide-type=\"image\"><img loading=\"lazy\" decoding=\"async\" src=\"https:\/\/knoptrading.se\/wp-content\/uploads\/2020\/10\/01-690x400.png\" height=\"400\" width=\"690\" alt=\"\" class=\"slider-131 slide-145 msDefaultImage\" title=\"01\" \/><\/li>\n            <\/ul>\n        <\/div>\n        \n    <\/div>\n<\/div>\n\n\n\n<div style=\"height:39px\" aria-hidden=\"true\" class=\"wp-block-spacer\"><\/div>\n\n\n\n<h2 class=\"wp-block-heading\" id=\"u280-5\">\u00c4r du i behov av en ny eller begagnad maskin? Vi hj\u00e4lper dig!<\/h2>\n\n\n\n<p>Hos KNOP Trading hittar du ett kvalitativt utbud av nya och begagnade produkter fr\u00e5n ledande varum\u00e4rken.<\/p>\n\n\n\n<p>St\u00e5r du skedet att skaffa en ny eller begagnad maskin f\u00e5r du en helhetsl\u00f6sning som innefattar allt fr\u00e5n ink\u00f6p av maskin och redskap, till finansiering av aff\u00e4ren.<\/p>\n\n\n\n<p><strong>Nytt hos oss \u00e5r Raiko Icebreaker. Det&nbsp;optimala sn\u00f6r\u00f6jningsredskapet.<\/strong><\/p>\n\n\n\n<p><strong>H\u00f6r av dig till Mats&nbsp; &nbsp;<\/strong><strong>(072-542 88 00 eller&nbsp;<\/strong><a href=\"mailto:mats@knoptrading.se\"><strong>mats@knoptrading.se<\/strong><\/a><strong>) f\u00f6r vidare information.<\/strong><\/p>\n\n\n\n<p>Vill du ha hj\u00e4lp med att s\u00e4lja din maskin s\u00e5 f\u00e5r du hj\u00e4lp med det.<\/p>\n\n\n\n<p>H\u00f6r av dig s\u00e5 pratar vi mer om saken!<\/p>\n<\/div>\n\n\n\n<div class=\"wp-block-column is-layout-flow wp-block-column-is-layout-flow\" style=\"flex-basis:33.33%\"><div class=\"wp-block-image\">\n<figure class=\"aligncenter size-large is-resized\"><img decoding=\"async\" src=\"https:\/\/knoptrading.se\/wp-content\/uploads\/2023\/03\/Sigill-2023-1024x931.jpg\" alt=\"KNOP Trading Sigill 2023\" class=\"wp-image-212\" width=\"-15\" height=\"-13\" srcset=\"https:\/\/knoptrading.se\/wp-content\/uploads\/2023\/03\/Sigill-2023-1024x931.jpg 1024w, https:\/\/knoptrading.se\/wp-content\/uploads\/2023\/03\/Sigill-2023-300x273.jpg 300w, https:\/\/knoptrading.se\/wp-content\/uploads\/2023\/03\/Sigill-2023-768x698.jpg 768w, https:\/\/knoptrading.se\/wp-content\/uploads\/2023\/03\/Sigill-2023-1536x1396.jpg 1536w, https:\/\/knoptrading.se\/wp-content\/uploads\/2023\/03\/Sigill-2023-2048x1862.jpg 2048w\" sizes=\"(max-width: 1024px) 100vw, 1024px\" \/><\/figure>\n<\/div>\n\n\n<hr class=\"wp-block-separator has-css-opacity\"\/>\n\n\n<div class=\"wp-block-image\">\n<figure class=\"aligncenter size-large\"><img loading=\"lazy\" decoding=\"async\" width=\"188\" height=\"106\" src=\"https:\/\/knoptrading.se\/wp-content\/uploads\/2020\/10\/1_ibe_188x106_1x.png\" alt=\"\" class=\"wp-image-70\"\/><\/figure>\n<\/div>\n\n\n<div style=\"height:14px\" aria-hidden=\"true\" class=\"wp-block-spacer\"><\/div>\n\n\n\n<h2 class=\"has-medium-font-size wp-block-heading\"><strong>Vi \u00e4r nu Raiko Icebreakers \u00e5terf\u00f6rs\u00e4ljare i Sverige<\/strong>.<\/h2>\n\n\n\n<p class=\"has-small-font-size\">H\u00f6r g\u00e4rna av dig till Mats Svensson f\u00f6r information<\/p>\n\n\n\n<p class=\"has-small-font-size\">072-542 88 00 \u00a0\u00a0\u00a0<br><a href=\"mailto:mats@knoptrading.se\">mats@knoptrading.se<\/a><\/p>\n<\/div>\n<\/div>\n","protected":false},"excerpt":{"rendered":"<p>\u00c4r du i behov av en ny eller begagnad maskin? Vi hj\u00e4lper dig! Hos KNOP Trading hittar du ett kvalitativt utbud av nya och begagnade produkter fr\u00e5n ledande varum\u00e4rken. St\u00e5r du skedet att skaffa en ny eller begagnad maskin f\u00e5r du en helhetsl\u00f6sning som innefattar allt fr\u00e5n ink\u00f6p av maskin och redskap, till finansiering av&hellip;&nbsp;<a href=\"https:\/\/knoptrading.se\/\" rel=\"bookmark\">L\u00e4s mer &raquo;<span class=\"screen-reader-text\">KNOP Trading har l\u00e5ng erfarenhet av f\u00f6rs\u00e4ljning inom entreprenadbranschen<\/span><\/a><\/p>\n","protected":false},"author":1,"featured_media":0,"parent":0,"menu_order":0,"comment_status":"closed","ping_status":"closed","template":"","meta":{"neve_meta_sidebar":"","neve_meta_container":"","neve_meta_enable_content_width":"","neve_meta_content_width":0,"neve_meta_title_alignment":"","neve_meta_author_avatar":"","neve_post_elements_order":"","neve_meta_disable_header":"","neve_meta_disable_footer":"","neve_meta_disable_title":"","footnotes":""},"class_list":["post-14","page","type-page","status-publish","hentry"],"aioseo_notices":[],"_links":{"self":[{"href":"https:\/\/knoptrading.se\/index.php?rest_route=\/wp\/v2\/pages\/14","targetHints":{"allow":["GET"]}}],"collection":[{"href":"https:\/\/knoptrading.se\/index.php?rest_route=\/wp\/v2\/pages"}],"about":[{"href":"https:\/\/knoptrading.se\/index.php?rest_route=\/wp\/v2\/types\/page"}],"author":[{"embeddable":true,"href":"https:\/\/knoptrading.se\/index.php?rest_route=\/wp\/v2\/users\/1"}],"replies":[{"embeddable":true,"href":"https:\/\/knoptrading.se\/index.php?rest_route=%2Fwp%2Fv2%2Fcomments&post=14"}],"version-history":[{"count":57,"href":"https:\/\/knoptrading.se\/index.php?rest_route=\/wp\/v2\/pages\/14\/revisions"}],"predecessor-version":[{"id":232,"href":"https:\/\/knoptrading.se\/index.php?rest_route=\/wp\/v2\/pages\/14\/revisions\/232"}],"wp:attachment":[{"href":"https:\/\/knoptrading.se\/index.php?rest_route=%2Fwp%2Fv2%2Fmedia&parent=14"}],"curies":[{"name":"wp","href":"https:\/\/api.w.org\/{rel}","templated":true}]}}